{"id":3,"date":"2018-11-28T18:25:16","date_gmt":"2018-11-28T18:25:16","guid":{"rendered":"https:\/\/www.ahoradigitalbusiness.com\/?page_id=3"},"modified":"2025-04-10T14:47:10","modified_gmt":"2025-04-10T12:47:10","slug":"politica-privacidad","status":"publish","type":"page","link":"https:\/\/adbagencia.com\/?page_id=3","title":{"rendered":"Pol\u00edtica de privacidad"},"content":{"rendered":"<p>[vc_row][vc_column][vc_empty_space][\/vc_column][\/vc_row][vc_row][vc_column][vc_column_text]Los datos de los representantes del Cliente Persona jur\u00eddica ser\u00e1n tratados por Ahora Digital con la finalidad de permitir el desarrollo, cumplimiento y control de la relaci\u00f3n de prestaci\u00f3n de servicios concertada, siendo la base del tratamiento el cumplimiento de la relaci\u00f3n contractual, conserv\u00e1ndose los datos del Cliente durante todo el tiempo en que \u00e9sta subsista y a\u00fan despu\u00e9s, hasta que prescriban las eventuales responsabilidades derivadas de ella.<\/p>\n<p>Los datos del firmante del Contrato podr\u00e1n ser comunicados a los bancos y entidades financieras, para la gesti\u00f3n de cobros y pagos y a las Administraciones P\u00fablicas en los casos previstos en la Ley, para los fines en ellos definidos.<br \/>\nEl firmante del Contrato podr\u00e1 solicitar el acceso a sus datos personales, la rectificaci\u00f3n de los mismos, su supresi\u00f3n o su portabilidad, as\u00ed como solicitar la limitaci\u00f3n del tratamiento de sus datos u oponerse al mismo, la<br \/>\nsolicitud deber\u00e1 realizarse por escrito con la referencia \u201cProtecci\u00f3n de Datos\u201d y enviada a la direcci\u00f3n de correo electr\u00f3nico facilitada por Ahora Digital en el momento de la contrataci\u00f3n.<br \/>\nCuando la prestaci\u00f3n del servicio requiera el acceso por parte de Ahora Digital a datos de los que es responsable el Cliente, Ahora Digital asumir\u00e1 sus responsabilidades como Encargado del Tratamiento, asumiendo el cumplimiento de las siguientes obligaciones:<br \/>\n1. Ahora Digital tratar\u00e1, \u00fanicamente, los datos personales necesarios para la correcta prestaci\u00f3n del servicio contratado por el Cliente.<\/p>\n<p>2. En este sentido, la prestaci\u00f3n de los servicios podr\u00eda implicar la realizaci\u00f3n por AHORA DIGITAL DE LO SIGUIENTES.<br \/>\ntratamientos: recogida, registro, consulta, conservaci\u00f3n, modificaci\u00f3n y supresi\u00f3n de<br \/>\ndatos personales.<\/p>\n<p>3. Los datos personales del Cliente ser\u00e1n tratados por Ahora Digital, \u00fanicamente, para llevar a cabo la prestaci\u00f3n de los servicios contratados, si Ahora Digital considerase necesario llevar a cabo un tratamiento de los datos con una finalidad distinta, deber\u00e1 proceder a solicitar previamente la autorizaci\u00f3n por escrito del Cliente.<\/p>\n<p>4. Sin perjuicio de que los datos puedan ser ampliados o reducidos, los tipos de datos personales que Ahora Digital tratar\u00e1 del Cliente podr\u00e1n ser los siguiente:<\/p>\n<p>\u2022 Datos identificativos<br \/>\n\u2022 Metadatos de comunicaciones electr\u00f3nica<br \/>\n\u2022 Datos econ\u00f3micos y financieros<br \/>\n\u2022 DATOS DE CARACTERISTICAS personales<br \/>\n\u2022 Datos de detalles de empleo<\/p>\n<p>5. Las categor\u00edas de los interesados cuyos datos podr\u00e1n ser tratados por Ahora Digital son las siguientes:<br \/>\n\u2022 Clientes<br \/>\n\u2022 Personas de contacto<br \/>\n\u2022 Empleados<\/p>\n<p>6. En particular, Ahora Digital se compromete a lo siguiente:<\/p>\n<p>a) El encargado se compromete a recoger y\/o tratar los tipos de datos especificados en el punto 5.<br \/>\nb) Es obligaci\u00f3n del encargado del tratamiento mantener el deber de SECRETO PROFECIONAL y de confidencialidad con respecto del TRATAMIENTO DE ESTE DEBER confidencialidad y secreto profesional ser\u00e1 a perpetuidad, conforme a lo establecido en el art\u00edculo 10 de la LOPD.<br \/>\nc) No se ceder\u00e1n datos a terceros salvo por consentimiento, expreso y por ESCRITO DEL RESPONSABLE DEL tratamiento. Si se podr\u00e1n ceder datos a otros Encargados del Tratamiento con quien Ahora Digital haya formalizado un contrato de tratamiento de datos.<br \/>\nNo obstante, la cesi\u00f3n deber\u00e1 ser comunicada con car\u00e1cter previo y quedar registro de la misma.<br \/>\nd) Garantizar la aplicaci\u00f3n de medidas t\u00e9cnicas y organizativas apropiadas, teniendo en cuenta el estado de la t\u00e9cnica, los costes de aplicaci\u00f3n, la naturaleza, el alcance, el contexto y los fines del tratamiento, as\u00ed como riesgos de probabilidad y gravedad variables para los derechos y libertades de las personas f\u00edsicas, para garantizar un nivel de seguridad adecuado al riesgo.<br \/>\ne) Guardar bajo su control y custodia los datos personales a los que acceda con motivo de la prestaci\u00f3n del Servicio y a no divulgarlos, transferirlos o, de cualquier otra forma comunicarlos, ni si quiera para su conservaci\u00f3n a otra personar ajenas al mismo y a la prestaci\u00f3n del servicio. No obstante, el Cliente podr\u00e1 autorizar de manera expresa y por escrito a Ahora Digital para que recurra a otro Encargado del Tratamiento. Ahora Digital informar\u00e1 del mismo modo cualquier cambio previsto en la incorporaci\u00f3n o sustituci\u00f3n de dicho Encargado.<br \/>\nf) Suprimir o devolver al Cliente, a su elecci\u00f3n, todos los datos personales a los que haya tenido acceso para prestar el servicio. No obstante, Ahora Digital<br \/>\nPODRA CONSERVAR LOS DATOS, debidamente bloqueados, en tanto pudieran derivarse responsabilidades de su relaci\u00f3n con el Cliente.<br \/>\ng) Poner a disposici\u00f3n del Cliente toda la informaci\u00f3n necesaria para demostrar el cumplimiento de las obligaciones establecidas en la presente cl\u00e1usula.<br \/>\n[\/vc_column_text][\/vc_column][\/vc_row][vc_row][vc_column][vc_empty_space][\/vc_column][\/vc_row]<\/p>\n","protected":false},"excerpt":{"rendered":"<p>[vc_row][vc_column][vc_empty_space][\/vc_column][\/vc_row][vc_row][vc_column][vc_column_text]Los datos de los representantes del Cliente Persona jur\u00eddica ser\u00e1n tratados por Ahora Digital con la finalidad de permitir el desarrollo, cumplimiento y control de la relaci\u00f3n de prestaci\u00f3n de servicios concertada, siendo la base del tratamiento el cumplimiento de la relaci\u00f3n contractual, conserv\u00e1ndose los datos del Cliente durante todo el tiempo en que \u00e9sta [&hellip;]<\/p>\n","protected":false},"author":2,"featured_media":0,"parent":0,"menu_order":0,"comment_status":"closed","ping_status":"closed","template":"","meta":{"_et_pb_use_builder":"","_et_pb_old_content":"","_et_gb_content_width":"1080","footnotes":""},"class_list":["post-3","page","type-page","status-publish","hentry"],"_links":{"self":[{"href":"https:\/\/adbagencia.com\/index.php?rest_route=\/wp\/v2\/pages\/3","targetHints":{"allow":["GET"]}}],"collection":[{"href":"https:\/\/adbagencia.com\/index.php?rest_route=\/wp\/v2\/pages"}],"about":[{"href":"https:\/\/adbagencia.com\/index.php?rest_route=\/wp\/v2\/types\/page"}],"author":[{"embeddable":true,"href":"https:\/\/adbagencia.com\/index.php?rest_route=\/wp\/v2\/users\/2"}],"replies":[{"embeddable":true,"href":"https:\/\/adbagencia.com\/index.php?rest_route=%2Fwp%2Fv2%2Fcomments&post=3"}],"version-history":[{"count":0,"href":"https:\/\/adbagencia.com\/index.php?rest_route=\/wp\/v2\/pages\/3\/revisions"}],"wp:attachment":[{"href":"https:\/\/adbagencia.com\/index.php?rest_route=%2Fwp%2Fv2%2Fmedia&parent=3"}],"curies":[{"name":"wp","href":"https:\/\/api.w.org\/{rel}","templated":true}]}}