{"id":25047,"date":"2019-02-22T00:14:46","date_gmt":"2019-02-21T23:14:46","guid":{"rendered":"http:\/\/democontent.codex-themes.com\/sites\/banking-finance\/?page_id=25047"},"modified":"2025-05-28T13:38:15","modified_gmt":"2025-05-28T11:38:15","slug":"blog","status":"publish","type":"page","link":"https:\/\/adbagencia.com\/?page_id=25047","title":{"rendered":"Blog"},"content":{"rendered":"<p>[et_pb_section fb_built=\u00bb1&#8243; disabled_on=\u00bbon|on|off\u00bb admin_label=\u00bbBlog\u00bb _builder_version=\u00bb4.24.1&#8243; _module_preset=\u00bbdefault\u00bb background_color=\u00bb#FFFFFF\u00bb collapsed=\u00bbon\u00bb global_colors_info=\u00bb{}\u00bb][et_pb_row _builder_version=\u00bb4.24.1&#8243; _module_preset=\u00bbdefault\u00bb custom_margin=\u00bb||20px||false|false\u00bb global_colors_info=\u00bb{}\u00bb][et_pb_column type=\u00bb4_4&#8243; _builder_version=\u00bb4.22.0&#8243; _module_preset=\u00bbdefault\u00bb global_colors_info=\u00bb{}\u00bb][et_pb_text _builder_version=\u00bb4.24.1&#8243; _module_preset=\u00bb4332f899-dc50-4ce7-830f-4bb99ae937ee\u00bb header_text_color=\u00bb#E25050&#8243; header_font_size=\u00bb114px\u00bb header_letter_spacing=\u00bb0.05em\u00bb global_colors_info=\u00bb{}\u00bb]<\/p>\n<h1>El Blog del pueblo<\/h1>\n<p>[\/et_pb_text][\/et_pb_column][\/et_pb_row][et_pb_row _builder_version=\u00bb4.22.0&#8243; _module_preset=\u00bbdefault\u00bb global_colors_info=\u00bb{}\u00bb][et_pb_column type=\u00bb4_4&#8243; _builder_version=\u00bb4.22.0&#8243; _module_preset=\u00bbdefault\u00bb global_colors_info=\u00bb{}\u00bb][et_pb_blog posts_number=\u00bb9&#8243; meta_date=\u00bbm\/j\/y\u00bb excerpt_length=\u00bb150&#8243; show_categories=\u00bboff\u00bb masonry_tile_background_color=\u00bbrgba(66,70,69,0.02)\u00bb _builder_version=\u00bb4.27.4&#8243; _module_preset=\u00bb5bfb6063-0361-43db-9c88-841b45868a55&#8243; header_font=\u00bbRed Hat Text|700|||||||\u00bb header_text_align=\u00bbleft\u00bb header_text_color=\u00bb#E25050&#8243; header_line_height=\u00bb1.2em\u00bb body_font=\u00bbRed Hat Display||||||||\u00bb body_text_align=\u00bbleft\u00bb body_text_color=\u00bb#424645&#8243; body_line_height=\u00bb1.4em\u00bb meta_font=\u00bbRed Hat Display|300|||||||\u00bb meta_text_align=\u00bbleft\u00bb meta_text_color=\u00bb#FFA57D\u00bb meta_letter_spacing=\u00bb1px\u00bb meta_line_height=\u00bb1.2em\u00bb read_more_font=\u00bbRed Hat Display||||||||\u00bb read_more_text_color=\u00bb#FFA57D\u00bb read_more_letter_spacing=\u00bb1px\u00bb pagination_font=\u00bbRed Hat Text|700|||||||\u00bb pagination_text_color=\u00bb#E25050&#8243; pagination_font_size=\u00bb20px\u00bb pagination_letter_spacing=\u00bb1px\u00bb background_enable_color=\u00bboff\u00bb text_orientation=\u00bbleft\u00bb border_radii=\u00bbon|0px|0px|0px|0px\u00bb border_width_all=\u00bb1px\u00bb border_color_all=\u00bb#424645&#8243; box_shadow_style=\u00bbpreset4&#8243; box_shadow_color=\u00bb#424645&#8243; locked=\u00bboff\u00bb global_colors_info=\u00bb{%22gcid-aca0a2e8-0de7-4ce9-88ea-510d38e23681%22:%91%22header_text_color%22,%22read_more_text_color%22,%22header_text_color%22%93}\u00bb][\/et_pb_blog][\/et_pb_column][\/et_pb_row][\/et_pb_section][et_pb_section fb_built=\u00bb1&#8243; disabled_on=\u00bbon|on|off\u00bb _builder_version=\u00bb4.24.1&#8243; _module_preset=\u00bbdefault\u00bb background_color=\u00bb#E25050&#8243; background_image=\u00bbhttps:\/\/adbagencia.com\/wp-content\/uploads\/2024\/01\/financial-planning-33.png\u00bb background_size=\u00bbinitial\u00bb background_position=\u00bbbottom_center\u00bb collapsed=\u00bbon\u00bb global_colors_info=\u00bb{}\u00bb][et_pb_row column_structure=\u00bb1_2,1_2&#8243; custom_padding_last_edited=\u00bbon|desktop\u00bb _builder_version=\u00bb4.24.0&#8243; _module_preset=\u00bbdefault\u00bb background_color=\u00bb#FFFFFF\u00bb transform_rotate=\u00bb0deg|0deg|-1deg\u00bb max_width=\u00bb1280px\u00bb overflow-x=\u00bbvisible\u00bb overflow-y=\u00bbvisible\u00bb custom_padding=\u00bb60px|100px|60px|100px|true|true\u00bb custom_padding_tablet=\u00bb30px|30px|30px|30px|true|true\u00bb custom_padding_phone=\u00bb20px|20px|20px|20px|true|true\u00bb border_width_all=\u00bb1px\u00bb border_color_all=\u00bb#424645&#8243; box_shadow_style=\u00bbpreset4&#8243; box_shadow_color=\u00bb#424645&#8243; locked=\u00bboff\u00bb global_colors_info=\u00bb{}\u00bb][et_pb_column type=\u00bb1_2&#8243; _builder_version=\u00bb4.21.0&#8243; _module_preset=\u00bbdefault\u00bb global_colors_info=\u00bb{%22gcid-aca0a2e8-0de7-4ce9-88ea-510d38e23681%22:%91%22background_color%22%93}\u00bb][et_pb_text _builder_version=\u00bb4.27.4&#8243; _module_preset=\u00bbdefault\u00bb header_2_font=\u00bbRed Hat Text|700|||||||\u00bb header_2_font_size=\u00bb82px\u00bb header_2_letter_spacing=\u00bb1px\u00bb hover_enabled=\u00bb0&#8243; global_colors_info=\u00bb{}\u00bb text_font=\u00bbRed Hat Text|700|||||||\u00bb text_font_size=\u00bb82px\u00bb text_letter_spacing=\u00bb1px\u00bb text_line_height=\u00bb1em\u00bb sticky_enabled=\u00bb0&#8243;]<\/p>\n<p>Suscr\u00edbete<\/p>\n<p>[\/et_pb_text][et_pb_text _builder_version=\u00bb4.27.4&#8243; _module_preset=\u00bb62faeb9c-16c8-4322-9460-4ba64a1d9df2&#8243; text_text_color=\u00bbgcid-b0afb9e7-00cb-4a3b-9bdf-e3137e7083ae\u00bb hover_enabled=\u00bb0&#8243; global_colors_info=\u00bb{%22gcid-b0afb9e7-00cb-4a3b-9bdf-e3137e7083ae%22:%91%22text_text_color%22%93}\u00bb sticky_enabled=\u00bb0&#8243; text_font_size=\u00bb26px\u00bb text_line_height=\u00bb1em\u00bb text_font=\u00bb&#8211;et_global_heading_font||||||||\u00bb]<\/p>\n<p><span>S\u00e9 el primero en enterarte de las \u00faltimas tendencias, consejos y trucos para destacar en el mundo digital.<\/span><\/p>\n<p>[\/et_pb_text][\/et_pb_column][et_pb_column type=\u00bb1_2&#8243; _builder_version=\u00bb4.24.0&#8243; _module_preset=\u00bbdefault\u00bb global_colors_info=\u00bb{}\u00bb][et_pb_signup mailchimp_list=\u00bbAna Dom\u00ednguez Garrido|acca38e725&#8243; first_name_field=\u00bboff\u00bb last_name_field=\u00bboff\u00bb use_custom_fields=\u00bbon\u00bb success_action=\u00bbredirect\u00bb success_redirect_url=\u00bbhttps:\/\/adbagencia.com\/gracias\/\u00bb success_redirect_query=\u00bboff|off|off|off|off\u00bb button_text=\u00bbUNETE AL CLUB\u00bb use_spam_service=\u00bbon\u00bb recaptcha_list=\u00bbADB|ADB-0&#8243; _builder_version=\u00bb4.27.4&#8243; _module_preset=\u00bb0dae8eb0-45bb-46a7-8d21-43bf503ce2ab\u00bb button_text_color=\u00bb#424645&#8243; button_bg_color=\u00bb#FFA57D\u00bb button_border_color=\u00bb#424645&#8243; button_border_radius=\u00bb0px\u00bb button_letter_spacing=\u00bb1px\u00bb button_font=\u00bbRed Hat Display|700|||||||\u00bb button_icon=\u00bb&#xf118;||fa||400&#8243; button_icon_color=\u00bb#424645&#8243; transform_rotate=\u00bb0deg|0deg|1deg\u00bb hover_enabled=\u00bb0&#8243; border_radii_fields=\u00bbon|0px|0px|0px|0px\u00bb border_width_all_fields=\u00bb1px\u00bb border_color_all_fields=\u00bb#424645&#8243; box_shadow_style_fields=\u00bbpreset4&#8243; box_shadow_color_fields=\u00bb#424645&#8243; box_shadow_style_button=\u00bbpreset4&#8243; box_shadow_color_button=\u00bb#424645&#8243; locked=\u00bboff\u00bb global_colors_info=\u00bb{%22gcid-aca0a2e8-0de7-4ce9-88ea-510d38e23681%22:%91%22button_bg_color%22,%22button_text_color%22,%22button_text_color%22%93,%22gcid-b0afb9e7-00cb-4a3b-9bdf-e3137e7083ae%22:%91%22button_bg_color%22,%22form_field_text_color%22,%22form_field_text_color%22,%22form_field_text_color%22,%22form_field_text_color%22%93}\u00bb sticky_enabled=\u00bb0&#8243;][et_pb_signup_custom_field field_id=\u00bb30c59efbaa\u00bb field_title=\u00bbPol\u00edtica de privacidad\u00bb field_type=\u00bbcheckbox\u00bb checkbox_options=\u00bb%91{%22checked%22:0,%22value%22:%22Aceptas nuestras pol\u00edtica de privacidad%22,%22id%22:%22fee4268d76%22,%22dragID%22:-1,%22link_url%22:%22https:\/\/adbagencia.com\/politica-privacidad\/%22,%22link_text%22:%22%22}%93&#8243; _builder_version=\u00bb4.24.0&#8243; _module_preset=\u00bbdefault\u00bb form_field_text_color=\u00bb#424645&#8243; global_colors_info=\u00bb{}\u00bb predefined_field=\u00bb30c59efbaa\u00bb][\/et_pb_signup_custom_field][\/et_pb_signup][\/et_pb_column][\/et_pb_row][\/et_pb_section]<\/p>\n","protected":false},"excerpt":{"rendered":"<p>El Blog del puebloSuscr\u00edbeteS\u00e9 el primero en enterarte de las \u00faltimas tendencias, consejos y trucos para destacar en el mundo digital.<\/p>\n","protected":false},"author":2,"featured_media":0,"parent":0,"menu_order":0,"comment_status":"closed","ping_status":"closed","template":"","meta":{"_et_pb_use_builder":"on","_et_pb_old_content":"","_et_gb_content_width":"","footnotes":""},"class_list":["post-25047","page","type-page","status-publish","hentry"],"_links":{"self":[{"href":"https:\/\/adbagencia.com\/index.php?rest_route=\/wp\/v2\/pages\/25047","targetHints":{"allow":["GET"]}}],"collection":[{"href":"https:\/\/adbagencia.com\/index.php?rest_route=\/wp\/v2\/pages"}],"about":[{"href":"https:\/\/adbagencia.com\/index.php?rest_route=\/wp\/v2\/types\/page"}],"author":[{"embeddable":true,"href":"https:\/\/adbagencia.com\/index.php?rest_route=\/wp\/v2\/users\/2"}],"replies":[{"embeddable":true,"href":"https:\/\/adbagencia.com\/index.php?rest_route=%2Fwp%2Fv2%2Fcomments&post=25047"}],"version-history":[{"count":6,"href":"https:\/\/adbagencia.com\/index.php?rest_route=\/wp\/v2\/pages\/25047\/revisions"}],"predecessor-version":[{"id":28553,"href":"https:\/\/adbagencia.com\/index.php?rest_route=\/wp\/v2\/pages\/25047\/revisions\/28553"}],"wp:attachment":[{"href":"https:\/\/adbagencia.com\/index.php?rest_route=%2Fwp%2Fv2%2Fmedia&parent=25047"}],"curies":[{"name":"wp","href":"https:\/\/api.w.org\/{rel}","templated":true}]}}